{"id":1682,"date":"2024-10-18T13:47:12","date_gmt":"2024-10-18T06:47:12","guid":{"rendered":"https:\/\/albahotels.com.vn\/alba-service\/"},"modified":"2026-03-13T10:09:05","modified_gmt":"2026-03-13T03:09:05","slug":"alba-service","status":"publish","type":"page","link":"https:\/\/albahotels.com.vn\/vi\/special-offers\/alba-service\/","title":{"rendered":"\u01afu \u0111\u00e3i \u0111\u1eb7c bi\u1ec7t c\u1ee7a kh\u00e1ch s\u1ea1n Alba"},"content":{"rendered":"\n<div class=\"wp-block-group\"><div class=\"wp-block-group__inner-container is-layout-constrained wp-block-group-is-layout-constrained\">\n<h2 class=\"wp-block-heading has-text-align-center\">Alba Special Offer<\/h2>\n<\/div><\/div>\n\n\n\n<div class=\"wp-block-media-text is-stacked-on-mobile\"><figure class=\"wp-block-media-text__media\"><img loading=\"lazy\" decoding=\"async\" width=\"1024\" height=\"576\" src=\"https:\/\/albahotels.com.vn\/wp-content\/uploads\/2024\/10\/Artboard-1-100-1-1024x576.jpg\" alt=\"\" class=\"wp-image-1147 size-full\" srcset=\"https:\/\/albahotels.com.vn\/wp-content\/uploads\/2024\/10\/Artboard-1-100-1-1024x576.jpg 1024w, https:\/\/albahotels.com.vn\/wp-content\/uploads\/2024\/10\/Artboard-1-100-1-300x169.jpg 300w, https:\/\/albahotels.com.vn\/wp-content\/uploads\/2024\/10\/Artboard-1-100-1-768x432.jpg 768w, https:\/\/albahotels.com.vn\/wp-content\/uploads\/2024\/10\/Artboard-1-100-1-400x225.jpg 400w, https:\/\/albahotels.com.vn\/wp-content\/uploads\/2024\/10\/Artboard-1-100-1-600x337.jpg 600w, https:\/\/albahotels.com.vn\/wp-content\/uploads\/2024\/10\/Artboard-1-100-1.jpg 1366w\" sizes=\"auto, (max-width: 1024px) 100vw, 1024px\" \/><\/figure><div class=\"wp-block-media-text__content\">\n<p><strong>[THE SPA] HAPPY HOUR<\/strong><\/p>\n\n\n\n<p>Ch\u1ec9 t\u1eeb 389.000 VND\/ tr\u1ecb li\u1ec7u <\/p>\n\n\n\n<p>T\u1eadn h\u01b0\u1edfng s\u1ef1 th\u01b0 gi\u00e3n tuy\u1ec7t \u0111\u1ed1i, cho chuy\u1ec3n \u0111i tho\u1ea3i m\u00e1i nh\u1ea5t!<\/p>\n<\/div><\/div>\n\n\n\n<div class=\"wp-block-media-text is-stacked-on-mobile\"><figure class=\"wp-block-media-text__media\"><img loading=\"lazy\" decoding=\"async\" width=\"1024\" height=\"575\" src=\"https:\/\/albahotels.com.vn\/wp-content\/uploads\/2024\/10\/Alba-hotel-Jacuzzi-2-1024x575.jpg\" alt=\"\" class=\"wp-image-1154 size-full\" srcset=\"https:\/\/albahotels.com.vn\/wp-content\/uploads\/2024\/10\/Alba-hotel-Jacuzzi-2-1024x575.jpg 1024w, https:\/\/albahotels.com.vn\/wp-content\/uploads\/2024\/10\/Alba-hotel-Jacuzzi-2-300x168.jpg 300w, https:\/\/albahotels.com.vn\/wp-content\/uploads\/2024\/10\/Alba-hotel-Jacuzzi-2-768x431.jpg 768w, https:\/\/albahotels.com.vn\/wp-content\/uploads\/2024\/10\/Alba-hotel-Jacuzzi-2-1536x862.jpg 1536w, https:\/\/albahotels.com.vn\/wp-content\/uploads\/2024\/10\/Alba-hotel-Jacuzzi-2-2048x1149.jpg 2048w, https:\/\/albahotels.com.vn\/wp-content\/uploads\/2024\/10\/Alba-hotel-Jacuzzi-2-1408x790.jpg 1408w, https:\/\/albahotels.com.vn\/wp-content\/uploads\/2024\/10\/Alba-hotel-Jacuzzi-2-400x224.jpg 400w, https:\/\/albahotels.com.vn\/wp-content\/uploads\/2024\/10\/Alba-hotel-Jacuzzi-2-600x337.jpg 600w\" sizes=\"auto, (max-width: 1024px) 100vw, 1024px\" \/><\/figure><div class=\"wp-block-media-text__content\">\n<p><strong>[THE SPA] WELLNESS &amp; SPA MENU<\/strong><\/p>\n\n\n\n<p>Enjoy your day at The Spa by Alba. Discover our The Spa service at here! <\/p>\n\n\n\n<p><a href=\"https:\/\/albahotels.com.vn\/vi\/wellness-spa\/#next-section\">Xem menu<\/a><\/p>\n<\/div><\/div>\n","protected":false},"excerpt":{"rendered":"<p>Alba Special Offer [THE SPA] HAPPY HOUR Ch\u1ec9 t\u1eeb 389.000 VND\/ tr\u1ecb li\u1ec7u T\u1eadn h\u01b0\u1edfng s\u1ef1 th\u01b0 gi\u00e3n tuy\u1ec7t \u0111\u1ed1i, cho chuy\u1ec3n \u0111i tho\u1ea3i m\u00e1i nh\u1ea5t! [THE SPA] WELLNESS &amp; SPA MENU Enjoy your day at The Spa by Alba. Discover our The Spa service at here! Xem menu<\/p>\n","protected":false},"author":2,"featured_media":0,"parent":1686,"menu_order":0,"comment_status":"closed","ping_status":"closed","template":"","meta":{"inline_featured_image":false,"footnotes":""},"class_list":["post-1682","page","type-page","status-publish","hentry"],"acf":[],"yoast_head":"<!-- This site is optimized with the Yoast SEO plugin v25.9 - https:\/\/yoast.com\/wordpress\/plugins\/seo\/ -->\n<title>\u01afu \u0111\u00e3i \u0111\u1eb7c bi\u1ec7t c\u1ee7a kh\u00e1ch s\u1ea1n Alba - Alba Hotels, Hu\u1ebf | Official Website<\/title>\n<meta name=\"robots\" content=\"index, follow, max-snippet:-1, max-image-preview:large, max-video-preview:-1\" \/>\n<link rel=\"canonical\" href=\"https:\/\/albahotels.com.vn\/vi\/special-offers\/alba-service\/\" \/>\n<meta property=\"og:locale\" content=\"vi_VN\" \/>\n<meta property=\"og:type\" content=\"article\" \/>\n<meta property=\"og:title\" content=\"\u01afu \u0111\u00e3i \u0111\u1eb7c bi\u1ec7t c\u1ee7a kh\u00e1ch s\u1ea1n Alba - Alba Hotels, Hu\u1ebf | Official Website\" \/>\n<meta property=\"og:description\" content=\"Alba Special Offer [THE SPA] HAPPY HOUR Ch\u1ec9 t\u1eeb 389.000 VND\/ tr\u1ecb li\u1ec7u T\u1eadn h\u01b0\u1edfng s\u1ef1 th\u01b0 gi\u00e3n tuy\u1ec7t \u0111\u1ed1i, cho chuy\u1ec3n \u0111i tho\u1ea3i m\u00e1i nh\u1ea5t! [THE SPA] WELLNESS &amp; SPA MENU Enjoy your day at The Spa by Alba. Discover our The Spa service at here! Xem menu\" \/>\n<meta property=\"og:url\" content=\"https:\/\/albahotels.com.vn\/vi\/special-offers\/alba-service\/\" \/>\n<meta property=\"og:site_name\" content=\"Alba Hotels, Hu\u1ebf | Official Website\" \/>\n<meta property=\"article:publisher\" content=\"https:\/\/www.facebook.com\/albahotelshue\" \/>\n<meta property=\"article:modified_time\" content=\"2026-03-13T03:09:05+00:00\" \/>\n<meta property=\"og:image\" content=\"https:\/\/albahotels.com.vn\/wp-content\/uploads\/2024\/10\/Artboard-1-100-1.jpg\" \/>\n\t<meta property=\"og:image:width\" content=\"1366\" \/>\n\t<meta property=\"og:image:height\" content=\"768\" \/>\n\t<meta property=\"og:image:type\" content=\"image\/jpeg\" \/>\n<meta name=\"twitter:card\" content=\"summary_large_image\" \/>\n<meta name=\"twitter:label1\" content=\"\u01af\u1edbc t\u00ednh th\u1eddi gian \u0111\u1ecdc\" \/>\n\t<meta name=\"twitter:data1\" content=\"1 ph\u00fat\" \/>\n<script type=\"application\/ld+json\" class=\"yoast-schema-graph\">{\"@context\":\"https:\/\/schema.org\",\"@graph\":[{\"@type\":\"WebPage\",\"@id\":\"https:\/\/albahotels.com.vn\/vi\/special-offers\/alba-service\/\",\"url\":\"https:\/\/albahotels.com.vn\/vi\/special-offers\/alba-service\/\",\"name\":\"\u01afu \u0111\u00e3i \u0111\u1eb7c bi\u1ec7t c\u1ee7a kh\u00e1ch s\u1ea1n Alba - Alba Hotels, Hu\u1ebf | Official Website\",\"isPartOf\":{\"@id\":\"https:\/\/albahotels.com.vn\/vi\/#website\"},\"primaryImageOfPage\":{\"@id\":\"https:\/\/albahotels.com.vn\/vi\/special-offers\/alba-service\/#primaryimage\"},\"image\":{\"@id\":\"https:\/\/albahotels.com.vn\/vi\/special-offers\/alba-service\/#primaryimage\"},\"thumbnailUrl\":\"https:\/\/albahotels.com.vn\/wp-content\/uploads\/2024\/10\/Artboard-1-100-1-1024x576.jpg\",\"datePublished\":\"2024-10-18T06:47:12+00:00\",\"dateModified\":\"2026-03-13T03:09:05+00:00\",\"breadcrumb\":{\"@id\":\"https:\/\/albahotels.com.vn\/vi\/special-offers\/alba-service\/#breadcrumb\"},\"inLanguage\":\"vi\",\"potentialAction\":[{\"@type\":\"ReadAction\",\"target\":[\"https:\/\/albahotels.com.vn\/vi\/special-offers\/alba-service\/\"]}]},{\"@type\":\"ImageObject\",\"inLanguage\":\"vi\",\"@id\":\"https:\/\/albahotels.com.vn\/vi\/special-offers\/alba-service\/#primaryimage\",\"url\":\"https:\/\/albahotels.com.vn\/wp-content\/uploads\/2024\/10\/Artboard-1-100-1-1024x576.jpg\",\"contentUrl\":\"https:\/\/albahotels.com.vn\/wp-content\/uploads\/2024\/10\/Artboard-1-100-1-1024x576.jpg\"},{\"@type\":\"BreadcrumbList\",\"@id\":\"https:\/\/albahotels.com.vn\/vi\/special-offers\/alba-service\/#breadcrumb\",\"itemListElement\":[{\"@type\":\"ListItem\",\"position\":1,\"name\":\"Trang ch\u1ee7\",\"item\":\"https:\/\/albahotels.com.vn\/vi\/\"},{\"@type\":\"ListItem\",\"position\":2,\"name\":\"\u01afu \u0111\u00e3i \u0111\u1eb7c bi\u1ec7t\",\"item\":\"https:\/\/albahotels.com.vn\/vi\/special-offers\/\"},{\"@type\":\"ListItem\",\"position\":3,\"name\":\"\u01afu \u0111\u00e3i \u0111\u1eb7c bi\u1ec7t c\u1ee7a kh\u00e1ch s\u1ea1n Alba\"}]},{\"@type\":\"WebSite\",\"@id\":\"https:\/\/albahotels.com.vn\/vi\/#website\",\"url\":\"https:\/\/albahotels.com.vn\/vi\/\",\"name\":\"Alba Hotels, Hu\u1ebf | Official Website\",\"description\":\"Discover Alba Hotels \u2013 your sanctuary of wellness, comfort, and cultural charm in Hue. Reconnect body and soul with premium spa, hot mineral baths, and warm-hearted hospitality.\",\"publisher\":{\"@id\":\"https:\/\/albahotels.com.vn\/vi\/#organization\"},\"potentialAction\":[{\"@type\":\"SearchAction\",\"target\":{\"@type\":\"EntryPoint\",\"urlTemplate\":\"https:\/\/albahotels.com.vn\/vi\/?s={search_term_string}\"},\"query-input\":{\"@type\":\"PropertyValueSpecification\",\"valueRequired\":true,\"valueName\":\"search_term_string\"}}],\"inLanguage\":\"vi\"},{\"@type\":\"Organization\",\"@id\":\"https:\/\/albahotels.com.vn\/vi\/#organization\",\"name\":\"Alba Hotels, Hu\u1ebf | Official Website\",\"url\":\"https:\/\/albahotels.com.vn\/vi\/\",\"logo\":{\"@type\":\"ImageObject\",\"inLanguage\":\"vi\",\"@id\":\"https:\/\/albahotels.com.vn\/vi\/#\/schema\/logo\/image\/\",\"url\":\"https:\/\/albahotels.com.vn\/wp-content\/uploads\/2024\/10\/Alba-Hotels.png\",\"contentUrl\":\"https:\/\/albahotels.com.vn\/wp-content\/uploads\/2024\/10\/Alba-Hotels.png\",\"width\":3544,\"height\":3544,\"caption\":\"Alba Hotels, Hu\u1ebf | Official Website\"},\"image\":{\"@id\":\"https:\/\/albahotels.com.vn\/vi\/#\/schema\/logo\/image\/\"},\"sameAs\":[\"https:\/\/www.facebook.com\/albahotelshue\"]}]}<\/script>\n<!-- \/ Yoast SEO plugin. -->","yoast_head_json":{"title":"\u01afu \u0111\u00e3i \u0111\u1eb7c bi\u1ec7t c\u1ee7a kh\u00e1ch s\u1ea1n Alba - Alba Hotels, Hu\u1ebf | Official Website","robots":{"index":"index","follow":"follow","max-snippet":"max-snippet:-1","max-image-preview":"max-image-preview:large","max-video-preview":"max-video-preview:-1"},"canonical":"https:\/\/albahotels.com.vn\/vi\/special-offers\/alba-service\/","og_locale":"vi_VN","og_type":"article","og_title":"\u01afu \u0111\u00e3i \u0111\u1eb7c bi\u1ec7t c\u1ee7a kh\u00e1ch s\u1ea1n Alba - Alba Hotels, Hu\u1ebf | Official Website","og_description":"Alba Special Offer [THE SPA] HAPPY HOUR Ch\u1ec9 t\u1eeb 389.000 VND\/ tr\u1ecb li\u1ec7u T\u1eadn h\u01b0\u1edfng s\u1ef1 th\u01b0 gi\u00e3n tuy\u1ec7t \u0111\u1ed1i, cho chuy\u1ec3n \u0111i tho\u1ea3i m\u00e1i nh\u1ea5t! [THE SPA] WELLNESS &amp; SPA MENU Enjoy your day at The Spa by Alba. Discover our The Spa service at here! Xem menu","og_url":"https:\/\/albahotels.com.vn\/vi\/special-offers\/alba-service\/","og_site_name":"Alba Hotels, Hu\u1ebf | Official Website","article_publisher":"https:\/\/www.facebook.com\/albahotelshue","article_modified_time":"2026-03-13T03:09:05+00:00","og_image":[{"width":1366,"height":768,"url":"https:\/\/albahotels.com.vn\/wp-content\/uploads\/2024\/10\/Artboard-1-100-1.jpg","type":"image\/jpeg"}],"twitter_card":"summary_large_image","twitter_misc":{"\u01af\u1edbc t\u00ednh th\u1eddi gian \u0111\u1ecdc":"1 ph\u00fat"},"schema":{"@context":"https:\/\/schema.org","@graph":[{"@type":"WebPage","@id":"https:\/\/albahotels.com.vn\/vi\/special-offers\/alba-service\/","url":"https:\/\/albahotels.com.vn\/vi\/special-offers\/alba-service\/","name":"\u01afu \u0111\u00e3i \u0111\u1eb7c bi\u1ec7t c\u1ee7a kh\u00e1ch s\u1ea1n Alba - Alba Hotels, Hu\u1ebf | Official Website","isPartOf":{"@id":"https:\/\/albahotels.com.vn\/vi\/#website"},"primaryImageOfPage":{"@id":"https:\/\/albahotels.com.vn\/vi\/special-offers\/alba-service\/#primaryimage"},"image":{"@id":"https:\/\/albahotels.com.vn\/vi\/special-offers\/alba-service\/#primaryimage"},"thumbnailUrl":"https:\/\/albahotels.com.vn\/wp-content\/uploads\/2024\/10\/Artboard-1-100-1-1024x576.jpg","datePublished":"2024-10-18T06:47:12+00:00","dateModified":"2026-03-13T03:09:05+00:00","breadcrumb":{"@id":"https:\/\/albahotels.com.vn\/vi\/special-offers\/alba-service\/#breadcrumb"},"inLanguage":"vi","potentialAction":[{"@type":"ReadAction","target":["https:\/\/albahotels.com.vn\/vi\/special-offers\/alba-service\/"]}]},{"@type":"ImageObject","inLanguage":"vi","@id":"https:\/\/albahotels.com.vn\/vi\/special-offers\/alba-service\/#primaryimage","url":"https:\/\/albahotels.com.vn\/wp-content\/uploads\/2024\/10\/Artboard-1-100-1-1024x576.jpg","contentUrl":"https:\/\/albahotels.com.vn\/wp-content\/uploads\/2024\/10\/Artboard-1-100-1-1024x576.jpg"},{"@type":"BreadcrumbList","@id":"https:\/\/albahotels.com.vn\/vi\/special-offers\/alba-service\/#breadcrumb","itemListElement":[{"@type":"ListItem","position":1,"name":"Trang ch\u1ee7","item":"https:\/\/albahotels.com.vn\/vi\/"},{"@type":"ListItem","position":2,"name":"\u01afu \u0111\u00e3i \u0111\u1eb7c bi\u1ec7t","item":"https:\/\/albahotels.com.vn\/vi\/special-offers\/"},{"@type":"ListItem","position":3,"name":"\u01afu \u0111\u00e3i \u0111\u1eb7c bi\u1ec7t c\u1ee7a kh\u00e1ch s\u1ea1n Alba"}]},{"@type":"WebSite","@id":"https:\/\/albahotels.com.vn\/vi\/#website","url":"https:\/\/albahotels.com.vn\/vi\/","name":"Alba Hotels, Hu\u1ebf | Official Website","description":"Discover Alba Hotels \u2013 your sanctuary of wellness, comfort, and cultural charm in Hue. Reconnect body and soul with premium spa, hot mineral baths, and warm-hearted hospitality.","publisher":{"@id":"https:\/\/albahotels.com.vn\/vi\/#organization"},"potentialAction":[{"@type":"SearchAction","target":{"@type":"EntryPoint","urlTemplate":"https:\/\/albahotels.com.vn\/vi\/?s={search_term_string}"},"query-input":{"@type":"PropertyValueSpecification","valueRequired":true,"valueName":"search_term_string"}}],"inLanguage":"vi"},{"@type":"Organization","@id":"https:\/\/albahotels.com.vn\/vi\/#organization","name":"Alba Hotels, Hu\u1ebf | Official Website","url":"https:\/\/albahotels.com.vn\/vi\/","logo":{"@type":"ImageObject","inLanguage":"vi","@id":"https:\/\/albahotels.com.vn\/vi\/#\/schema\/logo\/image\/","url":"https:\/\/albahotels.com.vn\/wp-content\/uploads\/2024\/10\/Alba-Hotels.png","contentUrl":"https:\/\/albahotels.com.vn\/wp-content\/uploads\/2024\/10\/Alba-Hotels.png","width":3544,"height":3544,"caption":"Alba Hotels, Hu\u1ebf | Official Website"},"image":{"@id":"https:\/\/albahotels.com.vn\/vi\/#\/schema\/logo\/image\/"},"sameAs":["https:\/\/www.facebook.com\/albahotelshue"]}]}},"_links":{"self":[{"href":"https:\/\/albahotels.com.vn\/vi\/wp-json\/wp\/v2\/pages\/1682","targetHints":{"allow":["GET"]}}],"collection":[{"href":"https:\/\/albahotels.com.vn\/vi\/wp-json\/wp\/v2\/pages"}],"about":[{"href":"https:\/\/albahotels.com.vn\/vi\/wp-json\/wp\/v2\/types\/page"}],"author":[{"embeddable":true,"href":"https:\/\/albahotels.com.vn\/vi\/wp-json\/wp\/v2\/users\/2"}],"replies":[{"embeddable":true,"href":"https:\/\/albahotels.com.vn\/vi\/wp-json\/wp\/v2\/comments?post=1682"}],"version-history":[{"count":2,"href":"https:\/\/albahotels.com.vn\/vi\/wp-json\/wp\/v2\/pages\/1682\/revisions"}],"predecessor-version":[{"id":1739,"href":"https:\/\/albahotels.com.vn\/vi\/wp-json\/wp\/v2\/pages\/1682\/revisions\/1739"}],"up":[{"embeddable":true,"href":"https:\/\/albahotels.com.vn\/vi\/wp-json\/wp\/v2\/pages\/1686"}],"wp:attachment":[{"href":"https:\/\/albahotels.com.vn\/vi\/wp-json\/wp\/v2\/media?parent=1682"}],"curies":[{"name":"wp","href":"https:\/\/api.w.org\/{rel}","templated":true}]}}